{"id":19,"date":"2018-10-29T21:11:11","date_gmt":"2018-10-29T21:11:11","guid":{"rendered":"https:\/\/cospacc.org\/?page_id=19"},"modified":"2018-10-29T21:15:55","modified_gmt":"2018-10-29T21:15:55","slug":"publicaciones-cospacc","status":"publish","type":"page","link":"https:\/\/cospacc.org\/?page_id=19","title":{"rendered":"Publicaciones cospacc"},"content":{"rendered":"<p><iframe loading=\"lazy\" title=\"Casanare: exhumando el genocidio\" width=\"800\" height=\"450\" src=\"https:\/\/www.youtube.com\/embed\/jOzpTRf_MBI?feature=oembed\" frameborder=\"0\" allow=\"accelerometer; autoplay; clipboard-write; encrypted-media; gyroscope; picture-in-picture; web-share\" allowfullscreen><\/iframe><\/p>\n<p>&nbsp;<\/p>\n<p><a href=\"https:\/\/www.youtube.com\/watch?v=jOzpTRf_MBI\">Video exhumando el genocidio en Casanare<\/a><\/p>\n<p>Video que documenta el papel del estado colombiano en los falsos positivos de Casanare, la desaparici\u00f3n forzada en dos municipios del mismo departamento y la represi\u00f3n y persecuci\u00f3n al movimiento social<\/p>\n<p>&nbsp;<\/p>\n<p><iframe loading=\"lazy\" title=\"CASANARE PETR\u00d3LEO Y TERROR\" width=\"800\" height=\"450\" src=\"https:\/\/www.youtube.com\/embed\/1JvWS6Qyapc?feature=oembed\" frameborder=\"0\" allow=\"accelerometer; autoplay; clipboard-write; encrypted-media; gyroscope; picture-in-picture; web-share\" allowfullscreen><\/iframe><\/p>\n","protected":false},"excerpt":{"rendered":"<p>&nbsp; Video exhumando el genocidio en Casanare Video que documenta el papel del estado colombiano en los falsos positivos de<\/p>\n","protected":false},"author":1,"featured_media":0,"parent":0,"menu_order":0,"comment_status":"closed","ping_status":"closed","template":"","meta":{"colormag_page_layout":"default_layout","footnotes":""},"class_list":["post-19","page","type-page","status-publish","hentry"],"_links":{"self":[{"href":"https:\/\/cospacc.org\/index.php?rest_route=\/wp\/v2\/pages\/19","targetHints":{"allow":["GET"]}}],"collection":[{"href":"https:\/\/cospacc.org\/index.php?rest_route=\/wp\/v2\/pages"}],"about":[{"href":"https:\/\/cospacc.org\/index.php?rest_route=\/wp\/v2\/types\/page"}],"author":[{"embeddable":true,"href":"https:\/\/cospacc.org\/index.php?rest_route=\/wp\/v2\/users\/1"}],"replies":[{"embeddable":true,"href":"https:\/\/cospacc.org\/index.php?rest_route=%2Fwp%2Fv2%2Fcomments&post=19"}],"version-history":[{"count":3,"href":"https:\/\/cospacc.org\/index.php?rest_route=\/wp\/v2\/pages\/19\/revisions"}],"predecessor-version":[{"id":23,"href":"https:\/\/cospacc.org\/index.php?rest_route=\/wp\/v2\/pages\/19\/revisions\/23"}],"wp:attachment":[{"href":"https:\/\/cospacc.org\/index.php?rest_route=%2Fwp%2Fv2%2Fmedia&parent=19"}],"curies":[{"name":"wp","href":"https:\/\/api.w.org\/{rel}","templated":true}]}}